{"id":2758,"date":"2020-01-21T08:05:17","date_gmt":"2020-01-21T08:05:17","guid":{"rendered":"https:\/\/www.fotografiamariorey.com\/inicio\/?page_id=2758"},"modified":"2021-08-15T11:27:25","modified_gmt":"2021-08-15T11:27:25","slug":"produccion-audiovisual","status":"publish","type":"page","link":"https:\/\/www.fotografiamariorey.com\/inicio\/produccion-audiovisual\/","title":{"rendered":"PRODUCCI\u00d3N AUDIOVISUAL"},"content":{"rendered":"\t\t<div data-elementor-type=\"wp-post\" data-elementor-id=\"2758\" class=\"elementor elementor-2758\">\n\t\t\t\t\t\t\t\t\t<section class=\"elementor-section elementor-top-section elementor-element elementor-element-bf498b9 elementor-section-stretched elementor-section-height-min-height elementor-section-boxed elementor-section-height-default elementor-section-items-middle\" data-id=\"bf498b9\" data-element_type=\"section\" data-settings=\"{&quot;stretch_section&quot;:&quot;section-stretched&quot;}\">\n\t\t\t\t\t\t<div class=\"elementor-container elementor-column-gap-default\">\n\t\t\t\t\t<div class=\"elementor-column elementor-col-66 elementor-top-column elementor-element elementor-element-e3e7eef\" data-id=\"e3e7eef\" data-element_type=\"column\">\n\t\t\t<div class=\"elementor-widget-wrap elementor-element-populated\">\n\t\t\t\t\t\t\t\t<div class=\"elementor-element elementor-element-ef46a2f elementor-widget elementor-widget-text-editor\" data-id=\"ef46a2f\" data-element_type=\"widget\" data-widget_type=\"text-editor.default\">\n\t\t\t\t<div class=\"elementor-widget-container\">\n\t\t\t\t\t\t\t<h1 class=\"vc_custom_heading\"><span style=\"color: #000000;\"><strong>V\u00cdDEOS<\/strong> <strong>PUBLICITARIOS Y CORPORATIVOS<\/strong><\/span><\/h1><h2 class=\"vc_custom_heading subtitulo\">\u00a1MEJOR VERLO QUE LEERLO!<\/h2>\t\t\t\t\t\t<\/div>\n\t\t\t\t<\/div>\n\t\t\t\t\t<\/div>\n\t\t<\/div>\n\t\t\t\t<div class=\"elementor-column elementor-col-33 elementor-top-column elementor-element elementor-element-97d43b0\" data-id=\"97d43b0\" data-element_type=\"column\">\n\t\t\t<div class=\"elementor-widget-wrap elementor-element-populated\">\n\t\t\t\t\t\t\t\t<div class=\"elementor-element elementor-element-dd38435 elementor-widget elementor-widget-text-editor\" data-id=\"dd38435\" data-element_type=\"widget\" data-widget_type=\"text-editor.default\">\n\t\t\t\t<div class=\"elementor-widget-container\">\n\t\t\t\t\t\t\t<h4>Todos nuestros servicios pueden ser producidos tambi\u00e9n en v\u00eddeo;\u00a0 spots publicitarios, grabaci\u00f3n de eventos, videos de productos, servicios, eventos deportivos, etc&#8230; adaptados y optimizados para los diferentes canales de transmisi\u00f3n como las redes sociales o en alta calidad.<\/h4>\t\t\t\t\t\t<\/div>\n\t\t\t\t<\/div>\n\t\t\t\t\t<\/div>\n\t\t<\/div>\n\t\t\t\t\t\t\t<\/div>\n\t\t<\/section>\n\t\t\t\t<section class=\"elementor-section elementor-top-section elementor-element elementor-element-a94e7a3 elementor-section-full_width elementor-section-stretched elementor-section-height-default elementor-section-height-default\" data-id=\"a94e7a3\" data-element_type=\"section\" data-settings=\"{&quot;stretch_section&quot;:&quot;section-stretched&quot;}\">\n\t\t\t\t\t\t<div class=\"elementor-container elementor-column-gap-default\">\n\t\t\t\t\t<div class=\"elementor-column elementor-col-100 elementor-top-column elementor-element elementor-element-9960305\" data-id=\"9960305\" data-element_type=\"column\">\n\t\t\t<div class=\"elementor-widget-wrap elementor-element-populated\">\n\t\t\t\t\t\t\t\t<div class=\"elementor-element elementor-element-f7774af elementor-widget-divider--view-line elementor-widget elementor-widget-divider\" data-id=\"f7774af\" data-element_type=\"widget\" data-widget_type=\"divider.default\">\n\t\t\t\t<div class=\"elementor-widget-container\">\n\t\t\t\t\t<div class=\"elementor-divider\">\n\t\t\t<span class=\"elementor-divider-separator\">\n\t\t\t\t\t\t<\/span>\n\t\t<\/div>\n\t\t\t\t<\/div>\n\t\t\t\t<\/div>\n\t\t\t\t\t<\/div>\n\t\t<\/div>\n\t\t\t\t\t\t\t<\/div>\n\t\t<\/section>\n\t\t\t\t<section class=\"elementor-section elementor-top-section elementor-element elementor-element-fa34cb0 elementor-section-stretched elementor-section-boxed elementor-section-height-default elementor-section-height-default\" data-id=\"fa34cb0\" data-element_type=\"section\" data-settings=\"{&quot;stretch_section&quot;:&quot;section-stretched&quot;}\">\n\t\t\t\t\t\t<div class=\"elementor-container elementor-column-gap-default\">\n\t\t\t\t\t<div class=\"elementor-column elementor-col-66 elementor-top-column elementor-element elementor-element-99cf85d\" data-id=\"99cf85d\" data-element_type=\"column\">\n\t\t\t<div class=\"elementor-widget-wrap elementor-element-populated\">\n\t\t\t\t\t\t\t\t<div class=\"elementor-element elementor-element-a21a1b8 elementor-widget elementor-widget-video\" data-id=\"a21a1b8\" data-element_type=\"widget\" data-settings=\"{&quot;video_type&quot;:&quot;hosted&quot;,&quot;controls&quot;:&quot;yes&quot;}\" data-widget_type=\"video.default\">\n\t\t\t\t<div class=\"elementor-widget-container\">\n\t\t\t\t\t<div class=\"e-hosted-video elementor-wrapper elementor-open-inline\">\n\t\t\t\t\t<video class=\"elementor-video\" src=\"https:\/\/www.fotografiamariorey.com\/inicio\/wp-content\/uploads\/2020\/10\/SISTEMA-DE-DETECCIO\u0301N-Y-AVISO-DE-NIEBLAS.mp4\" controls=\"\" preload=\"metadata\" controlsList=\"nodownload\" poster=\"https:\/\/www.fotografiamariorey.com\/inicio\/wp-content\/uploads\/2020\/11\/CARRETERAS-INTELIGENTE.jpg\"><\/video>\n\t\t\t\t<\/div>\n\t\t\t\t<\/div>\n\t\t\t\t<\/div>\n\t\t\t\t\t<\/div>\n\t\t<\/div>\n\t\t\t\t<div class=\"elementor-column elementor-col-33 elementor-top-column elementor-element elementor-element-e48bfc6\" data-id=\"e48bfc6\" data-element_type=\"column\">\n\t\t\t<div class=\"elementor-widget-wrap elementor-element-populated\">\n\t\t\t\t\t\t\t\t<div class=\"elementor-element elementor-element-d501aec elementor-widget elementor-widget-text-editor\" data-id=\"d501aec\" data-element_type=\"widget\" data-widget_type=\"text-editor.default\">\n\t\t\t\t<div class=\"elementor-widget-container\">\n\t\t\t\t\t\t\t<h1><span style=\"color: #000000;\"><strong>CARRETERAS INTELIGENTES<\/strong><\/span><\/h1><h4><span style=\"font-size: 0.9375rem; letter-spacing: 0.05em;\">V\u00eddeo producido para la proyecci\u00f3n de esta nueva tecnolog\u00eda en algunos puntos de las carreteras Extreme\u00f1as, muestra del sistema de detecci\u00f3n de niebla mediante las im\u00e1genes de v\u00eddeo, textos informativos y planos a\u00e9reos.<\/span><\/h4>\t\t\t\t\t\t<\/div>\n\t\t\t\t<\/div>\n\t\t\t\t\t<\/div>\n\t\t<\/div>\n\t\t\t\t\t\t\t<\/div>\n\t\t<\/section>\n\t\t\t\t<section class=\"elementor-section elementor-top-section elementor-element elementor-element-8b81f12 elementor-section-full_width elementor-section-height-default elementor-section-height-default\" data-id=\"8b81f12\" data-element_type=\"section\">\n\t\t\t\t\t\t<div class=\"elementor-container elementor-column-gap-default\">\n\t\t\t\t\t<div class=\"elementor-column elementor-col-100 elementor-top-column elementor-element elementor-element-14d9402\" data-id=\"14d9402\" data-element_type=\"column\">\n\t\t\t<div class=\"elementor-widget-wrap elementor-element-populated\">\n\t\t\t\t\t\t\t\t<div class=\"elementor-element elementor-element-ae955d6 elementor-widget elementor-widget-spacer\" data-id=\"ae955d6\" data-element_type=\"widget\" data-widget_type=\"spacer.default\">\n\t\t\t\t<div class=\"elementor-widget-container\">\n\t\t\t\t\t<div class=\"elementor-spacer\">\n\t\t\t<div class=\"elementor-spacer-inner\"><\/div>\n\t\t<\/div>\n\t\t\t\t<\/div>\n\t\t\t\t<\/div>\n\t\t\t\t\t<\/div>\n\t\t<\/div>\n\t\t\t\t\t\t\t<\/div>\n\t\t<\/section>\n\t\t\t\t<section class=\"elementor-section elementor-top-section elementor-element elementor-element-528f311 elementor-section-stretched elementor-section-boxed elementor-section-height-default elementor-section-height-default\" data-id=\"528f311\" data-element_type=\"section\" data-settings=\"{&quot;stretch_section&quot;:&quot;section-stretched&quot;}\">\n\t\t\t\t\t\t<div class=\"elementor-container elementor-column-gap-default\">\n\t\t\t\t\t<div class=\"elementor-column elementor-col-66 elementor-top-column elementor-element elementor-element-ed22bd6\" data-id=\"ed22bd6\" data-element_type=\"column\">\n\t\t\t<div class=\"elementor-widget-wrap elementor-element-populated\">\n\t\t\t\t\t\t\t\t<div class=\"elementor-element elementor-element-dfa1b36 elementor-widget elementor-widget-video\" data-id=\"dfa1b36\" data-element_type=\"widget\" data-settings=\"{&quot;video_type&quot;:&quot;hosted&quot;,&quot;controls&quot;:&quot;yes&quot;}\" data-widget_type=\"video.default\">\n\t\t\t\t<div class=\"elementor-widget-container\">\n\t\t\t\t\t<div class=\"e-hosted-video elementor-wrapper elementor-open-inline\">\n\t\t\t\t\t<video class=\"elementor-video\" src=\"https:\/\/www.fotografiamariorey.com\/inicio\/wp-content\/uploads\/2020\/10\/Sin-ti\u0301tulo.mp4\" controls=\"\" preload=\"metadata\" controlsList=\"nodownload\" poster=\"https:\/\/www.fotografiamariorey.com\/inicio\/wp-content\/uploads\/2020\/11\/AT-77.jpg\"><\/video>\n\t\t\t\t<\/div>\n\t\t\t\t<\/div>\n\t\t\t\t<\/div>\n\t\t\t\t\t<\/div>\n\t\t<\/div>\n\t\t\t\t<div class=\"elementor-column elementor-col-33 elementor-top-column elementor-element elementor-element-5299269\" data-id=\"5299269\" data-element_type=\"column\">\n\t\t\t<div class=\"elementor-widget-wrap elementor-element-populated\">\n\t\t\t\t\t\t\t\t<div class=\"elementor-element elementor-element-0190a6c elementor-widget elementor-widget-text-editor\" data-id=\"0190a6c\" data-element_type=\"widget\" data-widget_type=\"text-editor.default\">\n\t\t\t\t<div class=\"elementor-widget-container\">\n\t\t\t\t\t\t\t<h1 style=\"text-align: left;\"><span style=\"color: #000000;\"><strong>APARTAMENTOS TUR\u00cdSTICOS Y SHOW COOKING<\/strong><\/span><\/h1><h4 style=\"text-align: left;\">Se muestran las diferentes estancias de los dos apartamentos. El show cooking se desarrolla en la terraza con unas vistas nocturnas de la ciudad monumental y una cena entre amigos.<\/h4>\t\t\t\t\t\t<\/div>\n\t\t\t\t<\/div>\n\t\t\t\t<div class=\"elementor-element elementor-element-e861e8a elementor-widget elementor-widget-spacer\" data-id=\"e861e8a\" data-element_type=\"widget\" data-widget_type=\"spacer.default\">\n\t\t\t\t<div class=\"elementor-widget-container\">\n\t\t\t\t\t<div class=\"elementor-spacer\">\n\t\t\t<div class=\"elementor-spacer-inner\"><\/div>\n\t\t<\/div>\n\t\t\t\t<\/div>\n\t\t\t\t<\/div>\n\t\t\t\t\t<\/div>\n\t\t<\/div>\n\t\t\t\t\t\t\t<\/div>\n\t\t<\/section>\n\t\t\t\t<section class=\"elementor-section elementor-top-section elementor-element elementor-element-6b36ca3 elementor-section-full_width elementor-section-height-default elementor-section-height-default\" data-id=\"6b36ca3\" data-element_type=\"section\">\n\t\t\t\t\t\t<div class=\"elementor-container elementor-column-gap-default\">\n\t\t\t\t\t<div class=\"elementor-column elementor-col-100 elementor-top-column elementor-element elementor-element-e972c04\" data-id=\"e972c04\" data-element_type=\"column\">\n\t\t\t<div class=\"elementor-widget-wrap elementor-element-populated\">\n\t\t\t\t\t\t\t\t<div class=\"elementor-element elementor-element-4287b38 elementor-widget elementor-widget-spacer\" data-id=\"4287b38\" data-element_type=\"widget\" data-widget_type=\"spacer.default\">\n\t\t\t\t<div class=\"elementor-widget-container\">\n\t\t\t\t\t<div class=\"elementor-spacer\">\n\t\t\t<div class=\"elementor-spacer-inner\"><\/div>\n\t\t<\/div>\n\t\t\t\t<\/div>\n\t\t\t\t<\/div>\n\t\t\t\t\t<\/div>\n\t\t<\/div>\n\t\t\t\t\t\t\t<\/div>\n\t\t<\/section>\n\t\t\t\t<section class=\"elementor-section elementor-top-section elementor-element elementor-element-018cbf5 elementor-section-stretched elementor-section-boxed elementor-section-height-default elementor-section-height-default\" data-id=\"018cbf5\" data-element_type=\"section\" data-settings=\"{&quot;stretch_section&quot;:&quot;section-stretched&quot;}\">\n\t\t\t\t\t\t<div class=\"elementor-container elementor-column-gap-default\">\n\t\t\t\t\t<div class=\"elementor-column elementor-col-66 elementor-top-column elementor-element elementor-element-a7c9bd6\" data-id=\"a7c9bd6\" data-element_type=\"column\">\n\t\t\t<div class=\"elementor-widget-wrap elementor-element-populated\">\n\t\t\t\t\t\t\t\t<div class=\"elementor-element elementor-element-03c3276 elementor-widget elementor-widget-video\" data-id=\"03c3276\" data-element_type=\"widget\" data-settings=\"{&quot;video_type&quot;:&quot;hosted&quot;,&quot;controls&quot;:&quot;yes&quot;}\" data-widget_type=\"video.default\">\n\t\t\t\t<div class=\"elementor-widget-container\">\n\t\t\t\t\t<div class=\"e-hosted-video elementor-wrapper elementor-open-inline\">\n\t\t\t\t\t<video class=\"elementor-video\" src=\"https:\/\/www.fotografiamariorey.com\/inicio\/wp-content\/uploads\/2020\/10\/AKRO-SLIZ.mp4\" controls=\"\" preload=\"metadata\" controlsList=\"nodownload\" poster=\"https:\/\/www.fotografiamariorey.com\/inicio\/wp-content\/uploads\/2020\/11\/KIKO-LEON.jpg\"><\/video>\n\t\t\t\t<\/div>\n\t\t\t\t<\/div>\n\t\t\t\t<\/div>\n\t\t\t\t\t<\/div>\n\t\t<\/div>\n\t\t\t\t<div class=\"elementor-column elementor-col-33 elementor-top-column elementor-element elementor-element-0c583a3\" data-id=\"0c583a3\" data-element_type=\"column\">\n\t\t\t<div class=\"elementor-widget-wrap elementor-element-populated\">\n\t\t\t\t\t\t\t\t<div class=\"elementor-element elementor-element-2cea5a8 elementor-widget elementor-widget-text-editor\" data-id=\"2cea5a8\" data-element_type=\"widget\" data-widget_type=\"text-editor.default\">\n\t\t\t\t<div class=\"elementor-widget-container\">\n\t\t\t\t\t\t\t<h1><b style=\"color: #000000;\">AKROSLIZ\u00a0<\/b><\/h1><h4>Modalidad acu\u00f1ada por la Facultad de Ciencias del Deporte, el v\u00eddeo tiene grabaciones en c\u00e1mara lenta y efectos l\u00e1ser para darle una mayor atractivo visual a los deportistas que entrenan esta modalidad.<\/h4>\t\t\t\t\t\t<\/div>\n\t\t\t\t<\/div>\n\t\t\t\t\t<\/div>\n\t\t<\/div>\n\t\t\t\t\t\t\t<\/div>\n\t\t<\/section>\n\t\t\t\t<section class=\"elementor-section elementor-top-section elementor-element elementor-element-47a8055 elementor-section-full_width elementor-section-height-default elementor-section-height-default\" data-id=\"47a8055\" data-element_type=\"section\">\n\t\t\t\t\t\t<div class=\"elementor-container elementor-column-gap-default\">\n\t\t\t\t\t<div class=\"elementor-column elementor-col-100 elementor-top-column elementor-element elementor-element-8a71841\" data-id=\"8a71841\" data-element_type=\"column\">\n\t\t\t<div class=\"elementor-widget-wrap elementor-element-populated\">\n\t\t\t\t\t\t\t\t<div class=\"elementor-element elementor-element-f5b3215 elementor-widget elementor-widget-spacer\" data-id=\"f5b3215\" data-element_type=\"widget\" data-widget_type=\"spacer.default\">\n\t\t\t\t<div class=\"elementor-widget-container\">\n\t\t\t\t\t<div class=\"elementor-spacer\">\n\t\t\t<div class=\"elementor-spacer-inner\"><\/div>\n\t\t<\/div>\n\t\t\t\t<\/div>\n\t\t\t\t<\/div>\n\t\t\t\t\t<\/div>\n\t\t<\/div>\n\t\t\t\t\t\t\t<\/div>\n\t\t<\/section>\n\t\t\t\t<section class=\"elementor-section elementor-top-section elementor-element elementor-element-3df8a04 elementor-section-stretched elementor-section-boxed elementor-section-height-default elementor-section-height-default\" data-id=\"3df8a04\" data-element_type=\"section\" data-settings=\"{&quot;stretch_section&quot;:&quot;section-stretched&quot;}\">\n\t\t\t\t\t\t<div class=\"elementor-container elementor-column-gap-default\">\n\t\t\t\t\t<div class=\"elementor-column elementor-col-66 elementor-top-column elementor-element elementor-element-1946705\" data-id=\"1946705\" data-element_type=\"column\">\n\t\t\t<div class=\"elementor-widget-wrap elementor-element-populated\">\n\t\t\t\t\t\t\t\t<div class=\"elementor-element elementor-element-d755cc2 elementor-widget elementor-widget-video\" data-id=\"d755cc2\" data-element_type=\"widget\" data-settings=\"{&quot;video_type&quot;:&quot;hosted&quot;,&quot;start&quot;:0,&quot;controls&quot;:&quot;yes&quot;}\" data-widget_type=\"video.default\">\n\t\t\t\t<div class=\"elementor-widget-container\">\n\t\t\t\t\t<div class=\"e-hosted-video elementor-wrapper elementor-open-inline\">\n\t\t\t\t\t<video class=\"elementor-video\" src=\"https:\/\/www.fotografiamariorey.com\/inicio\/wp-content\/uploads\/2020\/11\/fondo-blanco-3.mp4\" controls=\"\" preload=\"metadata\" controlsList=\"nodownload\" poster=\"https:\/\/www.fotografiamariorey.com\/inicio\/wp-content\/uploads\/2020\/11\/mano-movil-1.jpg\"><\/video>\n\t\t\t\t<\/div>\n\t\t\t\t<\/div>\n\t\t\t\t<\/div>\n\t\t\t\t\t<\/div>\n\t\t<\/div>\n\t\t\t\t<div class=\"elementor-column elementor-col-33 elementor-top-column elementor-element elementor-element-1add8d4\" data-id=\"1add8d4\" data-element_type=\"column\">\n\t\t\t<div class=\"elementor-widget-wrap elementor-element-populated\">\n\t\t\t\t\t\t\t\t<div class=\"elementor-element elementor-element-6728fee elementor-widget elementor-widget-text-editor\" data-id=\"6728fee\" data-element_type=\"widget\" data-widget_type=\"text-editor.default\">\n\t\t\t\t<div class=\"elementor-widget-container\">\n\t\t\t\t\t\t\t<h1 style=\"text-align: left;\"><b style=\"color: #000000;\">SPOT EN REDES SOCIALES<\/b><\/h1><h4 style=\"text-align: left;\">La promoci\u00f3n de v\u00eddeos para crear llamadas de atenci\u00f3n para las empresas es un recurso cada vez m\u00e1s utilizado en redes sociales con la caracter\u00edstica de tener unos formatos muy distintos a los tradicionales, como este que es cuadrado o verticales para los stories.<\/h4>\t\t\t\t\t\t<\/div>\n\t\t\t\t<\/div>\n\t\t\t\t\t<\/div>\n\t\t<\/div>\n\t\t\t\t\t\t\t<\/div>\n\t\t<\/section>\n\t\t\t\t\t\t\t<\/div>\n\t\t","protected":false},"excerpt":{"rendered":"<p>V\u00cdDEOS PUBLICITARIOS Y CORPORATIVOS \u00a1MEJOR VERLO QUE LEERLO! Todos nuestros servicios pueden ser producidos tambi\u00e9n en v\u00eddeo;&nbsp; spots publicitarios, grabaci\u00f3n de eventos, videos de productos, servicios, eventos deportivos, etc&#8230; adaptados y optimizados para los diferentes canales de transmisi\u00f3n como las redes sociales o en alta &hellip; <a href=\"https:\/\/www.fotografiamariorey.com\/inicio\/produccion-audiovisual\/\" class=\"more-link\"><span>Seguir leyendo<span class=\"screen-reader-text\">PRODUCCI\u00d3N AUDIOVISUAL<\/span><\/span><\/a><\/p>\n","protected":false},"author":1,"featured_media":0,"parent":0,"menu_order":0,"comment_status":"closed","ping_status":"closed","template":"","meta":{"footnotes":""},"_links":{"self":[{"href":"https:\/\/www.fotografiamariorey.com\/inicio\/wp-json\/wp\/v2\/pages\/2758"}],"collection":[{"href":"https:\/\/www.fotografiamariorey.com\/inicio\/wp-json\/wp\/v2\/pages"}],"about":[{"href":"https:\/\/www.fotografiamariorey.com\/inicio\/wp-json\/wp\/v2\/types\/page"}],"author":[{"embeddable":true,"href":"https:\/\/www.fotografiamariorey.com\/inicio\/wp-json\/wp\/v2\/users\/1"}],"replies":[{"embeddable":true,"href":"https:\/\/www.fotografiamariorey.com\/inicio\/wp-json\/wp\/v2\/comments?post=2758"}],"version-history":[{"count":68,"href":"https:\/\/www.fotografiamariorey.com\/inicio\/wp-json\/wp\/v2\/pages\/2758\/revisions"}],"predecessor-version":[{"id":4154,"href":"https:\/\/www.fotografiamariorey.com\/inicio\/wp-json\/wp\/v2\/pages\/2758\/revisions\/4154"}],"wp:attachment":[{"href":"https:\/\/www.fotografiamariorey.com\/inicio\/wp-json\/wp\/v2\/media?parent=2758"}],"curies":[{"name":"wp","href":"https:\/\/api.w.org\/{rel}","templated":true}]}}